{"id":238839,"date":"2023-11-14T18:38:12","date_gmt":"2023-11-14T17:38:12","guid":{"rendered":"https:\/\/onrhus.facmed.unam.mx\/?page_id=238839"},"modified":"2024-02-21T07:51:15","modified_gmt":"2024-02-21T06:51:15","slug":"238839-2","status":"publish","type":"page","link":"https:\/\/onrhus.facmed.unam.mx\/index.php\/238839-2\/","title":{"rendered":"Tlaxcala Medicina"},"content":{"rendered":"<p>[et_pb_section fb_built=\u00bb1&#8243; _builder_version=\u00bb4.22.1&#8243; _module_preset=\u00bbdefault\u00bb global_colors_info=\u00bb{}\u00bb][et_pb_row _builder_version=\u00bb4.22.1&#8243; _module_preset=\u00bbdefault\u00bb max_width=\u00bb1840px\u00bb global_colors_info=\u00bb{}\u00bb][et_pb_column type=\u00bb4_4&#8243; _builder_version=\u00bb4.22.1&#8243; _module_preset=\u00bbdefault\u00bb global_colors_info=\u00bb{}\u00bb][et_pb_code _builder_version=\u00bb4.22.1&#8243; _module_preset=\u00bbdefault\u00bb global_colors_info=\u00bb{}\u00bb]<div class=\"map_wrapper\" id=\"map_wrapper_239011\">\n<div class=\"map_box igm_content_left_2_3\" style=\"max-width:2000px\"><div class=\"igm_select_container \">\n<select class=\"igm_select_choices\" data-noresults=\"No Matches\" data-select=\"Tap to Select\" data-map-id=\"239011\" id=\"igm_select_239011\">\n<option value=\"\">Select<\/option><option id=\"option-geo-Universidad Aut\u00f3noma de Tlaxcala\" data-map-id=\"239011\" value=\"Universidad Aut\u00f3noma de Tlaxcala\" data-custom-properties=\"{&quot;name&quot;: &quot;&quot;;}\"><\/option><option id=\"option-geo-Universidad Popular del Estado de Tlaxcala\" data-map-id=\"239011\" value=\"Universidad Popular del Estado de Tlaxcala\" data-custom-properties=\"{&quot;name&quot;: &quot;&quot;;}\"><\/option><option id=\"option-geo-Universidad para el Bienestar Benito Ju\u00e1rez Garc\u00eda, sede Zitlaltepec de Trinidad S\u00e1nchez Santos\" data-map-id=\"239011\" value=\"Universidad para el Bienestar Benito Ju\u00e1rez Garc\u00eda, sede Zitlaltepec de Trinidad S\u00e1nchez Santos\" data-custom-properties=\"{&quot;name&quot;: &quot;&quot;;}\"><\/option><option id=\"option-geo-29033\" data-map-id=\"239011\" value=\"29033\" data-custom-properties=\"{&quot;name&quot;: &quot;Tlaxcala&quot;;}\">Tlaxcala<\/option><option id=\"option-geo-29037\" data-map-id=\"239011\" value=\"29037\" data-custom-properties=\"{&quot;name&quot;: &quot;Ziltlalt\u00e9pec de Trinidad S\u00e1nchez Santos&quot;;}\">Ziltlalt\u00e9pec de Trinidad S\u00e1nchez Santos<\/option><\/select><\/div>\n<div class=\"map_aspect_ratio\" style=\"padding-top:56%\" data-padding-top=\"56%\" data-padding-top-mobile=\"0%\">\n<div class=\"map_container\">\n<div class=\"map_render map_loading\" id=\"map_239011\"><\/div>\n<\/div>\n<\/div>\n<\/div><div class=\"igm_content_gutter\" style=\"width:3%;\"><\/div><div style=\"background:transparent; padding:px px px px; width:30%;\" class=\"igm_content_right_1_3\"><div id=\"default_239011\"><\/div><\/div>\n<\/div>[\/et_pb_code][\/et_pb_column][\/et_pb_row][et_pb_row column_structure=\u00bb3_4,1_4&#8243; module_id=\u00bbInicio\u00bb _builder_version=\u00bb4.22.1&#8243; _module_preset=\u00bbdefault\u00bb global_colors_info=\u00bb{}\u00bb][et_pb_column type=\u00bb3_4&#8243; _builder_version=\u00bb4.22.1&#8243; _module_preset=\u00bbdefault\u00bb global_colors_info=\u00bb{}\u00bb][\/et_pb_column][et_pb_column type=\u00bb1_4&#8243; _builder_version=\u00bb4.22.1&#8243; _module_preset=\u00bbdefault\u00bb global_colors_info=\u00bb{}\u00bb][\/et_pb_column][\/et_pb_row][et_pb_row _builder_version=\u00bb4.22.1&#8243; _module_preset=\u00bbdefault\u00bb global_colors_info=\u00bb{}\u00bb][et_pb_column type=\u00bb4_4&#8243; _builder_version=\u00bb4.22.1&#8243; _module_preset=\u00bbdefault\u00bb global_colors_info=\u00bb{}\u00bb][et_pb_button button_text=\u00bbUniversidades\u00bb button_alignment=\u00bbcenter\u00bb admin_label=\u00bbUniversidades\u00bb module_class=\u00bbmtc_button_1 mtc_button_closed\u00bb _builder_version=\u00bb4.22.1&#8243; _module_preset=\u00bbdefault\u00bb custom_button=\u00bbon\u00bb button_text_color=\u00bb#E09900&#8243; global_colors_info=\u00bb{}\u00bb][\/et_pb_button][\/et_pb_column][\/et_pb_row][\/et_pb_section][et_pb_section fb_built=\u00bb1&#8243; module_class=\u00bbmtc_element mtc_element_1&#8243; _builder_version=\u00bb4.22.1&#8243; _module_preset=\u00bbdefault\u00bb global_colors_info=\u00bb{}\u00bb][et_pb_row _builder_version=\u00bb4.22.1&#8243; _module_preset=\u00bbdefault\u00bb width=\u00bb98%\u00bb max_width=\u00bb2560px\u00bb global_colors_info=\u00bb{}\u00bb][et_pb_column type=\u00bb4_4&#8243; _builder_version=\u00bb4.22.1&#8243; _module_preset=\u00bbdefault\u00bb global_colors_info=\u00bb{}\u00bb][et_pb_code _builder_version=\u00bb4.22.1&#8243; _module_preset=\u00bbdefault\u00bb hover_enabled=\u00bb0&#8243; sticky_enabled=\u00bb0&#8243;][tablesome table_id=&#8217;239104&#8217;\/][\/et_pb_code][\/et_pb_column][\/et_pb_row][et_pb_row _builder_version=\u00bb4.22.1&#8243; _module_preset=\u00bbdefault\u00bb global_colors_info=\u00bb{}\u00bb][et_pb_column type=\u00bb4_4&#8243; _builder_version=\u00bb4.22.1&#8243; _module_preset=\u00bbdefault\u00bb global_colors_info=\u00bb{}\u00bb][et_pb_button button_url=\u00bb#Inicio\u00bb button_text=\u00bbRegresar\u00bb _builder_version=\u00bb4.22.1&#8243; _module_preset=\u00bbdefault\u00bb custom_button=\u00bbon\u00bb button_text_size=\u00bb9px\u00bb button_text_color=\u00bb#000000&#8243; global_colors_info=\u00bb{}\u00bb][\/et_pb_button][\/et_pb_column][\/et_pb_row][\/et_pb_section][et_pb_section fb_built=\u00bb1&#8243; _builder_version=\u00bb4.22.1&#8243; _module_preset=\u00bbdefault\u00bb global_colors_info=\u00bb{}\u00bb][et_pb_row _builder_version=\u00bb4.22.1&#8243; _module_preset=\u00bbdefault\u00bb global_colors_info=\u00bb{}\u00bb][et_pb_column type=\u00bb4_4&#8243; _builder_version=\u00bb4.22.1&#8243; _module_preset=\u00bbdefault\u00bb global_colors_info=\u00bb{}\u00bb][et_pb_button button_text=\u00bbEstudiantes\u00bb button_alignment=\u00bbcenter\u00bb module_class=\u00bbmtc_button_2 mtc_button_closed\u00bb _builder_version=\u00bb4.22.1&#8243; _module_preset=\u00bbdefault\u00bb custom_button=\u00bbon\u00bb button_text_color=\u00bb#E09900&#8243; global_colors_info=\u00bb{}\u00bb][\/et_pb_button][\/et_pb_column][\/et_pb_row][\/et_pb_section][et_pb_section fb_built=\u00bb1&#8243; module_class=\u00bbmtc_element mtc_element_2&#8243; _builder_version=\u00bb4.22.1&#8243; _module_preset=\u00bbdefault\u00bb global_colors_info=\u00bb{}\u00bb][et_pb_row _builder_version=\u00bb4.22.1&#8243; _module_preset=\u00bbdefault\u00bb width=\u00bb98%\u00bb max_width=\u00bb2560px\u00bb global_colors_info=\u00bb{}\u00bb][et_pb_column type=\u00bb4_4&#8243; _builder_version=\u00bb4.22.1&#8243; _module_preset=\u00bbdefault\u00bb global_colors_info=\u00bb{}\u00bb][\/et_pb_column][\/et_pb_row][et_pb_row _builder_version=\u00bb4.22.1&#8243; _module_preset=\u00bbdefault\u00bb global_colors_info=\u00bb{}\u00bb][et_pb_column type=\u00bb4_4&#8243; _builder_version=\u00bb4.22.1&#8243; _module_preset=\u00bbdefault\u00bb global_colors_info=\u00bb{}\u00bb][et_pb_button button_url=\u00bb#Inicio\u00bb button_text=\u00bbRegresar\u00bb _builder_version=\u00bb4.22.1&#8243; _module_preset=\u00bbdefault\u00bb custom_button=\u00bbon\u00bb button_text_size=\u00bb9px\u00bb button_text_color=\u00bb#000000&#8243; global_colors_info=\u00bb{}\u00bb][\/et_pb_button][\/et_pb_column][\/et_pb_row][\/et_pb_section]<\/p>\n","protected":false},"excerpt":{"rendered":"<p><div class=\"map_wrapper\" id=\"map_wrapper_239011\">\n<div class=\"map_box igm_content_left_2_3\" style=\"max-width:2000px\"><div class=\"igm_select_container \">\n<select class=\"igm_select_choices\" data-noresults=\"No Matches\" data-select=\"Tap to Select\" data-map-id=\"239011\" id=\"igm_select_239011\">\n<option value=\"\">Select<\/option><option id=\"option-geo-Universidad Aut\u00f3noma de Tlaxcala\" data-map-id=\"239011\" value=\"Universidad Aut\u00f3noma de Tlaxcala\" data-custom-properties=\"{&quot;name&quot;: &quot;&quot;;}\"><\/option><option id=\"option-geo-Universidad Popular del Estado de Tlaxcala\" data-map-id=\"239011\" value=\"Universidad Popular del Estado de Tlaxcala\" data-custom-properties=\"{&quot;name&quot;: &quot;&quot;;}\"><\/option><option id=\"option-geo-Universidad para el Bienestar Benito Ju\u00e1rez Garc\u00eda, sede Zitlaltepec de Trinidad S\u00e1nchez Santos\" data-map-id=\"239011\" value=\"Universidad para el Bienestar Benito Ju\u00e1rez Garc\u00eda, sede Zitlaltepec de Trinidad S\u00e1nchez Santos\" data-custom-properties=\"{&quot;name&quot;: &quot;&quot;;}\"><\/option><option id=\"option-geo-29033\" data-map-id=\"239011\" value=\"29033\" data-custom-properties=\"{&quot;name&quot;: &quot;Tlaxcala&quot;;}\">Tlaxcala<\/option><option id=\"option-geo-29037\" data-map-id=\"239011\" value=\"29037\" data-custom-properties=\"{&quot;name&quot;: &quot;Ziltlalt\u00e9pec de Trinidad S\u00e1nchez Santos&quot;;}\">Ziltlalt\u00e9pec de Trinidad S\u00e1nchez Santos<\/option><\/select><\/div>\n<div class=\"map_aspect_ratio\" style=\"padding-top:56%\" data-padding-top=\"56%\" data-padding-top-mobile=\"0%\">\n<div class=\"map_container\">\n<div class=\"map_render map_loading\" id=\"map_239011\"><\/div>\n<\/div>\n<\/div>\n<\/div><div class=\"igm_content_gutter\" style=\"width:3%;\"><\/div><div style=\"background:transparent; padding:px px px px; width:30%;\" class=\"igm_content_right_1_3\"><div id=\"default_239011\"><\/div><\/div>\n<\/div>[tablesome table_id=&#8217;239104&#8217;\/]<\/p>\n","protected":false},"author":4,"featured_media":0,"parent":0,"menu_order":0,"comment_status":"closed","ping_status":"closed","template":"","meta":{"_et_pb_use_builder":"on","_et_pb_old_content":"","_et_gb_content_width":"","footnotes":""},"class_list":["post-238839","page","type-page","status-publish","hentry"],"_links":{"self":[{"href":"https:\/\/onrhus.facmed.unam.mx\/index.php\/wp-json\/wp\/v2\/pages\/238839","targetHints":{"allow":["GET"]}}],"collection":[{"href":"https:\/\/onrhus.facmed.unam.mx\/index.php\/wp-json\/wp\/v2\/pages"}],"about":[{"href":"https:\/\/onrhus.facmed.unam.mx\/index.php\/wp-json\/wp\/v2\/types\/page"}],"author":[{"embeddable":true,"href":"https:\/\/onrhus.facmed.unam.mx\/index.php\/wp-json\/wp\/v2\/users\/4"}],"replies":[{"embeddable":true,"href":"https:\/\/onrhus.facmed.unam.mx\/index.php\/wp-json\/wp\/v2\/comments?post=238839"}],"version-history":[{"count":32,"href":"https:\/\/onrhus.facmed.unam.mx\/index.php\/wp-json\/wp\/v2\/pages\/238839\/revisions"}],"predecessor-version":[{"id":239271,"href":"https:\/\/onrhus.facmed.unam.mx\/index.php\/wp-json\/wp\/v2\/pages\/238839\/revisions\/239271"}],"wp:attachment":[{"href":"https:\/\/onrhus.facmed.unam.mx\/index.php\/wp-json\/wp\/v2\/media?parent=238839"}],"curies":[{"name":"wp","href":"https:\/\/api.w.org\/{rel}","templated":true}]}}